{"id":169,"date":"2015-01-12T08:20:23","date_gmt":"2015-01-12T08:20:23","guid":{"rendered":"http:\/\/mo-fontaine.de\/?page_id=169"},"modified":"2023-01-29T10:18:19","modified_gmt":"2023-01-29T10:18:19","slug":"links","status":"publish","type":"page","link":"https:\/\/mo-fontaine.de\/?page_id=169","title":{"rendered":"Links"},"content":{"rendered":"<h3>ArtSolitaire<\/h3>\n<p><a href=\"https:\/\/www.artsolitaire.arsmundi.de\/kuenstler\/mo-fontaine-92\/\" target=\"_blank\" rel=\"noopener\">Mo Fontaine bei artSOLITAIRE<\/a><\/p>\n<p><a href=\"https:\/\/mo-fontaine.de\/wp-content\/uploads\/2023\/01\/artsolitaire.png\"><img loading=\"lazy\" decoding=\"async\" class=\"alignleft size-large wp-image-753\" src=\"https:\/\/mo-fontaine.de\/wp-content\/uploads\/2023\/01\/artsolitaire-1024x959.png\" alt=\"\" width=\"734\" height=\"687\" srcset=\"https:\/\/mo-fontaine.de\/wp-content\/uploads\/2023\/01\/artsolitaire-1024x959.png 1024w, https:\/\/mo-fontaine.de\/wp-content\/uploads\/2023\/01\/artsolitaire-300x281.png 300w, https:\/\/mo-fontaine.de\/wp-content\/uploads\/2023\/01\/artsolitaire-768x719.png 768w, https:\/\/mo-fontaine.de\/wp-content\/uploads\/2023\/01\/artsolitaire-1170x1095.png 1170w, https:\/\/mo-fontaine.de\/wp-content\/uploads\/2023\/01\/artsolitaire.png 1504w\" sizes=\"auto, (max-width: 734px) 100vw, 734px\" \/><\/a><\/p>\n<p>&nbsp;<\/p>\n<h3 class=\"widget-title\">ars mundi<\/h3>\n<p><a href=\"https:\/\/www.arsmundi.de\/mo-fontaine-bild-kois-auf-blau-804680\/?_n=f0f322b48d248053fdc82f9786b51a6d&amp;_c=185b411b7151469a981b743b38d39c03\" target=\"_blank\" rel=\"noopener\">Mo Fontaine bei ars mundi<\/a><\/p>\n<p><a href=\"https:\/\/mo-fontaine.de\/wp-content\/uploads\/2023\/01\/arsmundi.png\"><img loading=\"lazy\" decoding=\"async\" class=\"alignleft size-large wp-image-767\" src=\"https:\/\/mo-fontaine.de\/wp-content\/uploads\/2023\/01\/arsmundi-1024x659.png\" alt=\"\" width=\"734\" height=\"472\" srcset=\"https:\/\/mo-fontaine.de\/wp-content\/uploads\/2023\/01\/arsmundi-1024x659.png 1024w, https:\/\/mo-fontaine.de\/wp-content\/uploads\/2023\/01\/arsmundi-300x193.png 300w, https:\/\/mo-fontaine.de\/wp-content\/uploads\/2023\/01\/arsmundi-768x494.png 768w, https:\/\/mo-fontaine.de\/wp-content\/uploads\/2023\/01\/arsmundi-1170x753.png 1170w, https:\/\/mo-fontaine.de\/wp-content\/uploads\/2023\/01\/arsmundi.png 1529w\" sizes=\"auto, (max-width: 734px) 100vw, 734px\" \/><\/a><\/p>\n<p><a href=\"http:\/\/www.arsmundi.de\/\" target=\"_blank\" rel=\"noopener\">http:\/\/www.arsmundi.de\/<\/a><br \/>\nars mundi<br \/>\nEdition Max B\u00fcchner GmbH<br \/>\nB\u00f6dekerstra\u00dfe 13<br \/>\n30161 Hannover<br \/>\nDeutschland<\/p>\n<p>Telefon: +49 (0)511 \/ 34 84 30 (24 Std. erreichbar)<br \/>\nFax: +49 (0)511 \/ 348 43 58<br \/>\nE-Mail: info@arsmundi.de<\/p>\n","protected":false},"excerpt":{"rendered":"<p>ArtSolitaire Mo Fontaine bei artSOLITAIRE &nbsp; ars mundi Mo Fontaine bei ars mundi http:\/\/www.arsmundi.de\/ ars mundi Edition Max B\u00fcchner GmbH B\u00f6dekerstra\u00dfe 13 30161 Hannover Deutschland Telefon: +49 (0)511 \/ 34 84 30 (24 Std. erreichbar) Fax: +49 (0)511 \/ 348&#8230;<br \/><a class=\"read-more-button\" href=\"https:\/\/mo-fontaine.de\/?page_id=169\">Read more<\/a><\/p>\n","protected":false},"author":1,"featured_media":0,"parent":0,"menu_order":0,"comment_status":"closed","ping_status":"closed","template":"","meta":{"footnotes":""},"class_list":["post-169","page","type-page","status-publish","hentry"],"_links":{"self":[{"href":"https:\/\/mo-fontaine.de\/index.php?rest_route=\/wp\/v2\/pages\/169","targetHints":{"allow":["GET"]}}],"collection":[{"href":"https:\/\/mo-fontaine.de\/index.php?rest_route=\/wp\/v2\/pages"}],"about":[{"href":"https:\/\/mo-fontaine.de\/index.php?rest_route=\/wp\/v2\/types\/page"}],"author":[{"embeddable":true,"href":"https:\/\/mo-fontaine.de\/index.php?rest_route=\/wp\/v2\/users\/1"}],"replies":[{"embeddable":true,"href":"https:\/\/mo-fontaine.de\/index.php?rest_route=%2Fwp%2Fv2%2Fcomments&post=169"}],"version-history":[{"count":70,"href":"https:\/\/mo-fontaine.de\/index.php?rest_route=\/wp\/v2\/pages\/169\/revisions"}],"predecessor-version":[{"id":768,"href":"https:\/\/mo-fontaine.de\/index.php?rest_route=\/wp\/v2\/pages\/169\/revisions\/768"}],"wp:attachment":[{"href":"https:\/\/mo-fontaine.de\/index.php?rest_route=%2Fwp%2Fv2%2Fmedia&parent=169"}],"curies":[{"name":"wp","href":"https:\/\/api.w.org\/{rel}","templated":true}]}}