{"id":171,"date":"2015-01-12T08:18:04","date_gmt":"2015-01-12T08:18:04","guid":{"rendered":"http:\/\/mo-fontaine.de\/?page_id=171"},"modified":"2023-01-29T10:05:07","modified_gmt":"2023-01-29T10:05:07","slug":"gaeste","status":"publish","type":"page","link":"https:\/\/mo-fontaine.de\/?page_id=171","title":{"rendered":"G\u00e4ste"},"content":{"rendered":"<h3>Andere K\u00fcnstler<\/h3>\n<p><a href=\"http:\/\/www.leanderfontaine.net\" target=\"_blank\" rel=\"noopener\"> <img loading=\"lazy\" decoding=\"async\" class=\"so-widget-image\" style=\"max-width: 100%; height: auto; display: block;\" src=\"https:\/\/mo-fontaine.de\/wp-content\/uploads\/2015\/01\/LeanderFontaine-300x236.jpg\" alt=\"\" width=\"300\" height=\"236\" \/> <\/a><\/p>\n<h3 class=\"widget-title\">Leander Fontaine<\/h3>\n<p><a title=\"Leander Fontaines Webseite\" href=\"http:\/\/www.leanderfontaine.net\" target=\"_blank\" rel=\"noopener\">www.leanderfontaine.net<\/a><\/p>\n<p>Als brillanter Zeichner ist Leander \u00fcberwiegend im Gro\u00dfraum Grafik unterwegs: Sein Spektrum reicht von Tierzeichnungen, Cartoons, Illustrationen, \u00fcber die japanische Technik der <strong>Sumi-E<\/strong>&#8217;s bis zu gro\u00dfformatigen Gem\u00e4lden seiner Serien \u201eLeanderthals\u201c und \u201eHegdehog\u201c.<br \/>\nBei den \u201e<strong>Leanderthals<\/strong>\u201c setzt er sich beispielsweise nicht nur mit dem Duktus fr\u00fcher menschlicher Kunst der H\u00f6hlenmalerei auseinander, sondern entwickelt eine ganz eigene pr\u00e4gnante Form-und Farbsprache, die sich mit der Tradition der Grisaille-Technik auseinandersetzt. \u00a0Die Serie \u201e<strong>Hedgehog<\/strong>\u201c umfasst eine Reihe \u00fcberwiegend gro\u00dfformatiger Gem\u00e4lde, die um eine Art Sch\u00f6pfungsmythos kreisen. Der \u201eHedgehog\u201c selbst, eine Kreatur, die zun\u00e4chst nur einen einzigen Stachel tr\u00e4gt, und andere skurrile Fantasiegebilde, die diese Bilderserie bev\u00f6lkern und aus einer Parallel-Welt jenseits unseres Sonnensystems zu kommen scheinen, agieren auf einem dunklen Planeten innerhalb eines eigenen Sch\u00f6pfungsmythos, der um zentrale Fragen des Seins kreist und in metaphorischer Weise vom \u00dcberlebenskampf, von Selbstbehauptung, Solidarit\u00e4t, ebenso wie von Einsamkeit, Angst und Gewalt erz\u00e4hlt.<br \/>\nLeander lebt und arbeitet in der N\u00e4he von Philadelphia\/ Pennsylvania, USA.<\/p>\n<p><a href=\"http:\/\/www.afontaine.org\" target=\"_blank\" rel=\"noopener\"> <img loading=\"lazy\" decoding=\"async\" class=\"so-widget-image\" style=\"max-width: 100%; height: auto; display: block;\" src=\"https:\/\/mo-fontaine.de\/wp-content\/uploads\/2015\/01\/AlfonsFontaine-300x282.jpg\" alt=\"\" width=\"300\" height=\"282\" \/> <\/a><\/p>\n<h3 class=\"widget-title\">Alfons Fontaine<\/h3>\n<p><a title=\"Alfons Fontaines Webseite\" href=\"http:\/\/www.afontaine.org\" target=\"_blank\" rel=\"noopener\">www.afontaine.org<\/a><\/p>\n<p>Mein Vater war in erster Linie ein fabelhafter Zeichner, der seine St\u00e4rke in verschiedenen <strong>Grafik-Serien<\/strong> ausgedr\u00fcckt hat.<br \/>\nVor allem seine Architekturzeichnungen, wie zum Beispiel die <strong>Metzer Kathedrale<\/strong>, zeigen eine virtuose Beherrschung der Perspektive. Sein Zeichen-Duktus ist zun\u00e4chst skizzenhaft-fl\u00fcchtig, verdichtet sich dann immer weiter zu einem Gewebe von Linien und Strukturen. Dieses Gewebe scheint in der Lage zu sein, die Atmosph\u00e4re des Lichtes und des Wetters einzufangen \u2013 so wie es die <strong>Impressionisten<\/strong> in der Malerei des 19. Jahrhunderts vermochten.<br \/>\nIn einer Schwarz-Wei\u00df-Technik beim Betrachter ein atmosph\u00e4risches Nachbild oder Erinnerungsbild zu erzeugen: dazu sind meiner Meinung nach wirklich nur wenige Grafiker in der Lage..<\/p>\n<p><a href=\"http:\/\/web.joachimfontaine.de\" target=\"_blank\" rel=\"noopener\"> <img loading=\"lazy\" decoding=\"async\" class=\"so-widget-image\" style=\"max-width: 100%; height: auto; display: block;\" src=\"https:\/\/mo-fontaine.de\/wp-content\/uploads\/2015\/01\/JoachimFontaine-300x276.jpg\" alt=\"\" width=\"300\" height=\"276\" \/> <\/a><\/p>\n<h3 class=\"widget-title\">Joachim Fontaine<\/h3>\n<p><a title=\"Joachim Fontaines Webseite\" href=\"http:\/\/web.joachimfontaine.de\/\" target=\"_blank\" rel=\"noopener\">web.joachimfontaine.de<\/a><\/p>\n<p>Mein Bruder Joachim hat sich bereits als Kind dem enormen Konkurrenzdruck bez\u00fcglich der Bildenden Kunst innerhalb unserer Familie entzogen und f\u00fcr sich selbst als Plattform die Musik gew\u00e4hlt, um sich k\u00fcnstlerisch auszudr\u00fccken.\u00a0Inzwischen hat er sich einen vorz\u00fcglichen Namen als Interpret und \u201c<strong>performer schola<\/strong>r\u201d erarbeitet: Er recherchiert in Bibliotheken &#8211; immer auf der Suche nach alten verloren gegangenen oder dem Vergessen anheim gefallenen Partituren und wagt mit seinen Ensembles und Ch\u00f6ren sogar Urauff\u00fchrungen, die vielfach von Rundfunk und CD-Labels dokumentiert wurden, ausgezeichnet auch mit Preisen wie dem \u201c<strong>Grand Prix du Disque<\/strong>\u201d.<br \/>\nAuf meiner Website befindet sich der von ihm verfasste Text \u201e<strong>Fishing for Complicity<\/strong>\u201c, der bezeugt, dass er auch ein exzellenter Bilder-Versteher ist.<\/p>\n<p><a href=\"http:\/\/www.rectoverso-buch.de\/index.php\/rectoverso\/titel\/markus-waldura-ueberrascht-von-ploetzlichem-himmel\" target=\"_blank\" rel=\"noopener\"><img loading=\"lazy\" decoding=\"async\" class=\"so-widget-image\" style=\"max-width: 100%; height: auto; display: block;\" title=\"Rectoverso-Verlag\" src=\"https:\/\/mo-fontaine.de\/wp-content\/uploads\/2015\/04\/Rectoverso_MarkusWaldura.jpg\" alt=\"Rectoverso-Verlag\" width=\"1127\" height=\"927\" \/> <\/a><\/p>\n<h3 class=\"widget-title\">Rectoverso-Verlag<\/h3>\n<p><a title=\"Rectoverso-Verlag\" href=\"http:\/\/www.rectoverso-buch.de\/index.php\" target=\"_blank\" rel=\"noopener\">http:\/\/www.rectoverso-buch.de\/index.php<\/a><br \/>\nRectoverso &#8211; ein Imprint der Conte Verlags GmbH<br \/>\nAm Rech 14<br \/>\n66386 Sankt Ingbert<br \/>\nDeutschland<br \/>\nTelefon: +49 6894 166 41 63<br \/>\nFax: +49 6894 166 41 64<br \/>\nEmail: info@conte-verlag.de<\/p>\n<p>&nbsp;<\/p>\n","protected":false},"excerpt":{"rendered":"<p>Andere K\u00fcnstler Leander Fontaine www.leanderfontaine.net Als brillanter Zeichner ist Leander \u00fcberwiegend im Gro\u00dfraum Grafik unterwegs: Sein Spektrum reicht von Tierzeichnungen, Cartoons, Illustrationen, \u00fcber die japanische Technik der Sumi-E&#8217;s bis zu gro\u00dfformatigen Gem\u00e4lden seiner Serien \u201eLeanderthals\u201c und \u201eHegdehog\u201c. Bei den \u201eLeanderthals\u201c&#8230;<br \/><a class=\"read-more-button\" href=\"https:\/\/mo-fontaine.de\/?page_id=171\">Read more<\/a><\/p>\n","protected":false},"author":1,"featured_media":0,"parent":0,"menu_order":0,"comment_status":"closed","ping_status":"closed","template":"","meta":{"footnotes":""},"class_list":["post-171","page","type-page","status-publish","hentry"],"_links":{"self":[{"href":"https:\/\/mo-fontaine.de\/index.php?rest_route=\/wp\/v2\/pages\/171","targetHints":{"allow":["GET"]}}],"collection":[{"href":"https:\/\/mo-fontaine.de\/index.php?rest_route=\/wp\/v2\/pages"}],"about":[{"href":"https:\/\/mo-fontaine.de\/index.php?rest_route=\/wp\/v2\/types\/page"}],"author":[{"embeddable":true,"href":"https:\/\/mo-fontaine.de\/index.php?rest_route=\/wp\/v2\/users\/1"}],"replies":[{"embeddable":true,"href":"https:\/\/mo-fontaine.de\/index.php?rest_route=%2Fwp%2Fv2%2Fcomments&post=171"}],"version-history":[{"count":5,"href":"https:\/\/mo-fontaine.de\/index.php?rest_route=\/wp\/v2\/pages\/171\/revisions"}],"predecessor-version":[{"id":759,"href":"https:\/\/mo-fontaine.de\/index.php?rest_route=\/wp\/v2\/pages\/171\/revisions\/759"}],"wp:attachment":[{"href":"https:\/\/mo-fontaine.de\/index.php?rest_route=%2Fwp%2Fv2%2Fmedia&parent=171"}],"curies":[{"name":"wp","href":"https:\/\/api.w.org\/{rel}","templated":true}]}}