{"id":26,"date":"2015-01-09T17:32:56","date_gmt":"2015-01-09T17:32:56","guid":{"rendered":"http:\/\/mo-fontaine.de\/?page_id=26"},"modified":"2023-01-27T17:50:46","modified_gmt":"2023-01-27T17:50:46","slug":"koimania","status":"publish","type":"page","link":"https:\/\/mo-fontaine.de\/?page_id=26","title":{"rendered":"Koimania"},"content":{"rendered":"<p class=\"western\">Seit 2006 besch\u00e4ftige ich mich nun thematisch mit <strong>Kois<\/strong> \u2013 den besonderen Karpfen mit ihren schillernd-roten, plakativen Zeichnungen auf ihren Fischleibern, die \u2013 sobald sie von gesch\u00fctzten Teichen in die Wildnis von Fl\u00fcssen und Seen entlassen werden, unscheinbar, sprich: farblos werden und ihre individuellen Musterungen und herrlichen Farben verlieren.<br \/>\nFasziniert von der japanischen<strong> Rinpa-School<\/strong>, die im 17. Jahrhundert um den gro\u00dfen Meister Ogata Korin kreiste, versuche ich mich dem Gestaltungskanon der asiatischen Kunst anzun\u00e4hern.<br \/>\nDie Rinpa-School oder auch Rimpa-School bringt ihre stilisierten Motive traditionell auf Gold- oder Silbergrund auf. Die Technik des Vergoldens mit Kompositionsgold war, technisch gesehen, zun\u00e4chst eine gro\u00dfe Herausforderung, der ich mich stellen musste, um solche \u00fcber Raum und Zeit erhabene Koi-Figurationen zu entwickeln.<\/p>\n<p class=\"western\">Das Motiv der Kois sucht man in der traditionsreichen Rinpa-School \u00fcbrigens vergeblich: Die sch\u00f6nen Kois in ihrer jetzigen Form wurden erst im 19. Jahrhundert gez\u00fcchtet, so dass ich meine Fische im Spannungsfeld von Illusionismus und Stilisierung selbst entwickeln musste, da ich auf keinerlei Vorbilder in der Kunst jener Zeit zur\u00fcckgreifen kann.<br \/>\nKois gelten in der asiatischen Welt als <strong>Metaphern f\u00fcr Gl\u00fcck und Reichtum<\/strong>. Auch wir Europ\u00e4er k\u00f6nnen uns der Magie dieser Motive mit ihrer Aura von <strong>Ikonen<\/strong>, die sich immer wieder <strong>kaleidoskopartig<\/strong> neu zu ordnen scheinen, kaum entziehen \u2013 sie sind meditativ und gleichzeitig voller Energie.<br \/>\nIch pers\u00f6nlich scheine diesen Kois verfallen zu sein. So erkl\u00e4rt sich wohl auch der Name f\u00fcr meine Serie: <strong>Koimania<\/strong>.<\/p>\n","protected":false},"excerpt":{"rendered":"<p>Seit 2006 besch\u00e4ftige ich mich nun thematisch mit Kois \u2013 den besonderen Karpfen mit ihren schillernd-roten, plakativen Zeichnungen auf ihren Fischleibern, die \u2013 sobald sie von gesch\u00fctzten Teichen in die Wildnis von Fl\u00fcssen und Seen entlassen werden, unscheinbar, sprich: farblos&#8230;<br \/><a class=\"read-more-button\" href=\"https:\/\/mo-fontaine.de\/?page_id=26\">Read more<\/a><\/p>\n","protected":false},"author":1,"featured_media":0,"parent":0,"menu_order":0,"comment_status":"open","ping_status":"open","template":"","meta":{"footnotes":""},"class_list":["post-26","page","type-page","status-publish","hentry"],"_links":{"self":[{"href":"https:\/\/mo-fontaine.de\/index.php?rest_route=\/wp\/v2\/pages\/26","targetHints":{"allow":["GET"]}}],"collection":[{"href":"https:\/\/mo-fontaine.de\/index.php?rest_route=\/wp\/v2\/pages"}],"about":[{"href":"https:\/\/mo-fontaine.de\/index.php?rest_route=\/wp\/v2\/types\/page"}],"author":[{"embeddable":true,"href":"https:\/\/mo-fontaine.de\/index.php?rest_route=\/wp\/v2\/users\/1"}],"replies":[{"embeddable":true,"href":"https:\/\/mo-fontaine.de\/index.php?rest_route=%2Fwp%2Fv2%2Fcomments&post=26"}],"version-history":[{"count":5,"href":"https:\/\/mo-fontaine.de\/index.php?rest_route=\/wp\/v2\/pages\/26\/revisions"}],"predecessor-version":[{"id":660,"href":"https:\/\/mo-fontaine.de\/index.php?rest_route=\/wp\/v2\/pages\/26\/revisions\/660"}],"wp:attachment":[{"href":"https:\/\/mo-fontaine.de\/index.php?rest_route=%2Fwp%2Fv2%2Fmedia&parent=26"}],"curies":[{"name":"wp","href":"https:\/\/api.w.org\/{rel}","templated":true}]}}