{"id":28,"date":"2015-01-09T17:33:09","date_gmt":"2015-01-09T17:33:09","guid":{"rendered":"http:\/\/mo-fontaine.de\/?page_id=28"},"modified":"2023-01-27T17:49:14","modified_gmt":"2023-01-27T17:49:14","slug":"landschaften","status":"publish","type":"page","link":"https:\/\/mo-fontaine.de\/?page_id=28","title":{"rendered":"Gem\u00e4lde Landschaften"},"content":{"rendered":"<p class=\"western\">\u00dcber sehr viele Jahre hinweg f\u00fchrte das Sujet Landschaft in meinem Atelier eher ein Schattendasein. Ich vermute, dass dieser Umstand eine Gegenreaktion auf die Begeisterung meines Vaters f\u00fcr die <strong>impressionistische Freilichtmalerei<\/strong> war. Zugegeben: es existieren herrliche Landschaftsbilder aus dieser Zeit- vor allem Monets Winterbilder bewundere ich vorbehaltlos.<\/p>\n<p class=\"western\">Interessanterweise \u00f6ffnet sich mit dem Winter-Thema f\u00fcr mich eine weitere Ebene, n\u00e4mlich die der Symbolik Absterbens der Natur, ihrer Erstarrung, die wiederum mit der Gewissheit eines Wiedererwachens der Natur im darauffolgenden Fr\u00fchlings verkn\u00fcpft ist.<br \/>\nDas Lichtgest\u00f6ber der Freiluftszene mit ihrer sogenannten \u201eNetzhautmalerei\u201c reicht mir einfach nicht aus, um einen Malprozess auszul\u00f6sen. Mir ist diese Malerei im wahrsten Sinne des Wortes etwas zu luftig. Und ein weiterer, gewichtiger Umstand kommt hinzu: Ich male am liebsten in meinem wind-und wettergesch\u00fctzten Atelier.<\/p>\n<p class=\"western\">Mein Interesse gilt schon immer den <strong>Seelenlandschaften<\/strong> der Romantiker, den enigmatischen Landschaften der Symbolisten, und den intensiven Bildern der Nabis, die von Sehnsucht nach Authentizit\u00e4t und der Suche nach der verlorenen Unschuld getrieben waren.<br \/>\nLandschaftsbilder von Edvard Munch und Felix Valloton finde ich ebenso inspirierend wie die k\u00f6stlichen Farbwelten eines Pierre Bonnard.<br \/>\nAuff\u00e4lligerweise dominieren in meinen bisherigen Landschaftsbildern <strong>B\u00e4ume<\/strong>, denen die Menschen schon immer magische Kr\u00e4fte zugeschrieben haben. Einige von ihnen scheinen in meinen Bildern das Sonnenlicht regelrecht anzuziehen &#8211; oder sie breiten aktiv besch\u00fctzend ihr gewaltiges Astwerk \u00fcber Wiesen und Feldern aus.<\/p>\n<p class=\"western\">In der Kosmologie der Kelten findet man den sogenannten Weltenbaum. Darunter muss man sich eine Art mythischen Baum vorstellen, der das ganze Universum bedeutet; er hat seine Wurzeln in der Unterwelt, im Unbewussten; sein Stamm ist die Erde, das Bewu\u00dftsein; seine Zweige reichen in die \u00dcberwelt, ins Transzendente. Und damit ist er letztlich auch ein Symbol der menschlichen Lebensreise.<br \/>\nEine meiner n\u00e4chsten Bildserien werde ich dem Sujet Landschaft widmen: Es sollen Bilder <strong>n\u00e4chtlicher G\u00e4rten<\/strong> werden, deren Pflanzen in ein geheimnisvoll-fahles Licht getaucht sein werden. Ein erstes Bild der Serie ist schon fertig: ein 70 x 100 cm gro\u00dfer Klatschmohn.<\/p>\n","protected":false},"excerpt":{"rendered":"<p>\u00dcber sehr viele Jahre hinweg f\u00fchrte das Sujet Landschaft in meinem Atelier eher ein Schattendasein. Ich vermute, dass dieser Umstand eine Gegenreaktion auf die Begeisterung meines Vaters f\u00fcr die impressionistische Freilichtmalerei war. Zugegeben: es existieren herrliche Landschaftsbilder aus dieser Zeit-&#8230;<br \/><a class=\"read-more-button\" href=\"https:\/\/mo-fontaine.de\/?page_id=28\">Read more<\/a><\/p>\n","protected":false},"author":1,"featured_media":0,"parent":0,"menu_order":0,"comment_status":"open","ping_status":"open","template":"","meta":{"footnotes":""},"class_list":["post-28","page","type-page","status-publish","hentry"],"_links":{"self":[{"href":"https:\/\/mo-fontaine.de\/index.php?rest_route=\/wp\/v2\/pages\/28","targetHints":{"allow":["GET"]}}],"collection":[{"href":"https:\/\/mo-fontaine.de\/index.php?rest_route=\/wp\/v2\/pages"}],"about":[{"href":"https:\/\/mo-fontaine.de\/index.php?rest_route=\/wp\/v2\/types\/page"}],"author":[{"embeddable":true,"href":"https:\/\/mo-fontaine.de\/index.php?rest_route=\/wp\/v2\/users\/1"}],"replies":[{"embeddable":true,"href":"https:\/\/mo-fontaine.de\/index.php?rest_route=%2Fwp%2Fv2%2Fcomments&post=28"}],"version-history":[{"count":6,"href":"https:\/\/mo-fontaine.de\/index.php?rest_route=\/wp\/v2\/pages\/28\/revisions"}],"predecessor-version":[{"id":655,"href":"https:\/\/mo-fontaine.de\/index.php?rest_route=\/wp\/v2\/pages\/28\/revisions\/655"}],"wp:attachment":[{"href":"https:\/\/mo-fontaine.de\/index.php?rest_route=%2Fwp%2Fv2%2Fmedia&parent=28"}],"curies":[{"name":"wp","href":"https:\/\/api.w.org\/{rel}","templated":true}]}}