{"id":32,"date":"2015-01-09T17:33:35","date_gmt":"2015-01-09T17:33:35","guid":{"rendered":"http:\/\/mo-fontaine.de\/?page_id=32"},"modified":"2023-01-27T17:49:36","modified_gmt":"2023-01-27T17:49:36","slug":"tiere","status":"publish","type":"page","link":"https:\/\/mo-fontaine.de\/?page_id=32","title":{"rendered":"Gem\u00e4lde Tiere"},"content":{"rendered":"<p class=\"western\">Die Besch\u00e4ftigung mit Tierportr\u00e4ts entspringt meiner generellen Neugier hinsichtlich Gesichtern und ihrer physiognomischen Besonderheiten.<\/p>\n<p class=\"western\">Mit Spiegelneuronen ausgestattet, lernt ja schon ein Kind, in den Gesichtern anderer Menschen zu lesen. Was spricht dagegen, das Gleiche auch mit Hunde-oder H\u00fchnergesichtern zu tun? Schlie\u00dflich spricht der Buddhismus jedem Tier eine <b>Individualseele <\/b>zu.<\/p>\n<p class=\"western\">Vor allem das Malen meiner H\u00fchner hat mir pers\u00f6nlich gro\u00dfes Vergn\u00fcgen bereitet: Ich habe jedes einzelne Huhn vor einer malerischen Tapete inszeniert, deren Muster den jeweiligen Charakter des Huhnes unterstreichen soll. Dabei war es mir wichtig, das Thema Tier-Portr\u00e4t nicht ins Albern-Pittoreske, Makaber-Skurrile oder L\u00e4cherliche abgleiten zu lassen, sondern, soweit \u00fcberhaupt m\u00f6glich, einen w\u00fcrdevollen und anmutigen Ausdruck zu suchen. Von Sch\u00f6nheit l\u00e4sst sich, glaube ich, bei H\u00fchnern wohl eher nicht sprechen, eher von Charakter. Das Portr\u00e4t des respektablen Hahnes Percy ist von der Anmutung eher einem barocken Herrscherportr\u00e4t nachempfunden. Dazu h\u00e4tte wie bei Loveley Cindy einfach keine Blumentapete gepasst.<\/p>\n<p class=\"western\">Ich hatte an einem der Sonntage im Fr\u00fchsommer 2014 auf einem Demeter-Hof nahe St. Ingbert meine H\u00fchnerbilder openair ausgestellt. Dort lebte zu dieser Zeit nur ein einziges Hofhuhn, besser gesagt eine rebellische H\u00fchnerdame namens Coc-au-Vin, die einzige \u00dcberlebende eines n\u00e4chtlichen H\u00fchnerstall-Massakers durch einen r\u00e4uberischen Fuchs war. Das einsame Hofhuhn be\u00e4ugte sichtlich interessiert die um einen Baumstamm gruppierten H\u00fchnerbilder, entschied sich dann tats\u00e4chlich, zu Hahn Percy mittels Schnabel-Picken Kontakt aufzunehmen. Oscar Wilde bemerkte einmal: &#8222;<em>Die Kunst spricht von Seele zu Seele<\/em>.&#8220;<\/p>\n","protected":false},"excerpt":{"rendered":"<p>Die Besch\u00e4ftigung mit Tierportr\u00e4ts entspringt meiner generellen Neugier hinsichtlich Gesichtern und ihrer physiognomischen Besonderheiten. Mit Spiegelneuronen ausgestattet, lernt ja schon ein Kind, in den Gesichtern anderer Menschen zu lesen. Was spricht dagegen, das Gleiche auch mit Hunde-oder H\u00fchnergesichtern zu tun?&#8230;<br \/><a class=\"read-more-button\" href=\"https:\/\/mo-fontaine.de\/?page_id=32\">Read more<\/a><\/p>\n","protected":false},"author":1,"featured_media":0,"parent":0,"menu_order":0,"comment_status":"open","ping_status":"open","template":"","meta":{"footnotes":""},"class_list":["post-32","page","type-page","status-publish","hentry"],"_links":{"self":[{"href":"https:\/\/mo-fontaine.de\/index.php?rest_route=\/wp\/v2\/pages\/32","targetHints":{"allow":["GET"]}}],"collection":[{"href":"https:\/\/mo-fontaine.de\/index.php?rest_route=\/wp\/v2\/pages"}],"about":[{"href":"https:\/\/mo-fontaine.de\/index.php?rest_route=\/wp\/v2\/types\/page"}],"author":[{"embeddable":true,"href":"https:\/\/mo-fontaine.de\/index.php?rest_route=\/wp\/v2\/users\/1"}],"replies":[{"embeddable":true,"href":"https:\/\/mo-fontaine.de\/index.php?rest_route=%2Fwp%2Fv2%2Fcomments&post=32"}],"version-history":[{"count":5,"href":"https:\/\/mo-fontaine.de\/index.php?rest_route=\/wp\/v2\/pages\/32\/revisions"}],"predecessor-version":[{"id":656,"href":"https:\/\/mo-fontaine.de\/index.php?rest_route=\/wp\/v2\/pages\/32\/revisions\/656"}],"wp:attachment":[{"href":"https:\/\/mo-fontaine.de\/index.php?rest_route=%2Fwp%2Fv2%2Fmedia&parent=32"}],"curies":[{"name":"wp","href":"https:\/\/api.w.org\/{rel}","templated":true}]}}