{"id":8,"date":"2015-01-09T17:28:53","date_gmt":"2015-01-09T17:28:53","guid":{"rendered":"http:\/\/mo-fontaine.de\/?page_id=8"},"modified":"2023-01-28T17:07:19","modified_gmt":"2023-01-28T17:07:19","slug":"uebersicht","status":"publish","type":"page","link":"https:\/\/mo-fontaine.de\/","title":{"rendered":"\u00dcbersicht"},"content":{"rendered":"<h3>Meine Themen<\/h3>\n<p><a href=\"https:\/\/mo-fontaine.de\/wp-content\/uploads\/2023\/01\/Beck_03-scaled.jpg\"><img loading=\"lazy\" decoding=\"async\" class=\"alignleft size-medium wp-image-683\" src=\"https:\/\/mo-fontaine.de\/wp-content\/uploads\/2023\/01\/Beck_03-300x267.jpg\" alt=\"\" width=\"300\" height=\"267\" srcset=\"https:\/\/mo-fontaine.de\/wp-content\/uploads\/2023\/01\/Beck_03-300x267.jpg 300w, https:\/\/mo-fontaine.de\/wp-content\/uploads\/2023\/01\/Beck_03-1024x911.jpg 1024w, https:\/\/mo-fontaine.de\/wp-content\/uploads\/2023\/01\/Beck_03-768x683.jpg 768w, https:\/\/mo-fontaine.de\/wp-content\/uploads\/2023\/01\/Beck_03-1536x1367.jpg 1536w, https:\/\/mo-fontaine.de\/wp-content\/uploads\/2023\/01\/Beck_03-2048x1822.jpg 2048w, https:\/\/mo-fontaine.de\/wp-content\/uploads\/2023\/01\/Beck_03-1170x1041.jpg 1170w\" sizes=\"auto, (max-width: 300px) 100vw, 300px\" \/><\/a>In meiner Kunst dreht sich alles um Farbe und ihre mannigfaltigen Ausdrucksweisen: von subtil bis expressiv. In meinen Stillleben, Portr\u00e4ts und Collagen finden sich gelegentlich formal\u00e4sthetische Anleihen bei den von ihr \u00fcberaus gesch\u00e4tzten Alten Meistern. So entstehen &#8218;entschleunigte&#8216;, magisch-sinnliche Bilder, die auch den in Verruf geratenen Begriff der Sch\u00f6nheit transportieren. In diesem Licht betrachtet, scheinen manche der Bilder \u201aaus der Zeit gefallen&#8216; zu sein &#8211; nicht zuletzt, weil sich die Gem\u00e4lde ganz bewusst einer grundlegenden Kategorie der Avantgarden verweigern: der \u201aKunst der Kunstlosigkeit\u2018. Angestrebt wird eine zeitlose Kunst, die vielleicht auch in zwei-oder dreihundert Jahren noch funktionieren wird.<\/p>\n","protected":false},"excerpt":{"rendered":"<p>Meine Themen In meiner Kunst dreht sich alles um Farbe und ihre mannigfaltigen Ausdrucksweisen: von subtil bis expressiv. In meinen Stillleben, Portr\u00e4ts und Collagen finden sich gelegentlich formal\u00e4sthetische Anleihen bei den von ihr \u00fcberaus gesch\u00e4tzten Alten Meistern. So entstehen &#8218;entschleunigte&#8216;,&#8230;<br \/><a class=\"read-more-button\" href=\"https:\/\/mo-fontaine.de\/\">Read more<\/a><\/p>\n","protected":false},"author":1,"featured_media":0,"parent":0,"menu_order":0,"comment_status":"open","ping_status":"open","template":"","meta":{"footnotes":""},"class_list":["post-8","page","type-page","status-publish","hentry"],"_links":{"self":[{"href":"https:\/\/mo-fontaine.de\/index.php?rest_route=\/wp\/v2\/pages\/8","targetHints":{"allow":["GET"]}}],"collection":[{"href":"https:\/\/mo-fontaine.de\/index.php?rest_route=\/wp\/v2\/pages"}],"about":[{"href":"https:\/\/mo-fontaine.de\/index.php?rest_route=\/wp\/v2\/types\/page"}],"author":[{"embeddable":true,"href":"https:\/\/mo-fontaine.de\/index.php?rest_route=\/wp\/v2\/users\/1"}],"replies":[{"embeddable":true,"href":"https:\/\/mo-fontaine.de\/index.php?rest_route=%2Fwp%2Fv2%2Fcomments&post=8"}],"version-history":[{"count":13,"href":"https:\/\/mo-fontaine.de\/index.php?rest_route=\/wp\/v2\/pages\/8\/revisions"}],"predecessor-version":[{"id":688,"href":"https:\/\/mo-fontaine.de\/index.php?rest_route=\/wp\/v2\/pages\/8\/revisions\/688"}],"wp:attachment":[{"href":"https:\/\/mo-fontaine.de\/index.php?rest_route=%2Fwp%2Fv2%2Fmedia&parent=8"}],"curies":[{"name":"wp","href":"https:\/\/api.w.org\/{rel}","templated":true}]}}